{"id":18602,"date":"2023-10-29T23:01:22","date_gmt":"2023-10-30T02:01:22","guid":{"rendered":"https:\/\/cisb.org.br\/?page_id=18602"},"modified":"2023-12-28T17:38:25","modified_gmt":"2023-12-28T20:38:25","slug":"areas-de-atuacao","status":"publish","type":"page","link":"https:\/\/cisb.org.br\/pt-br\/quem-somos\/areas-de-atuacao\/","title":{"rendered":"\u00c1reas de Atua\u00e7\u00e3o"},"content":{"rendered":"\t\t<div data-elementor-type=\"wp-page\" data-elementor-id=\"18602\" class=\"elementor elementor-18602 elementor-18600\">\n\t\t\t\t\t\t<section class=\"elementor-section elementor-top-section elementor-element elementor-element-7c125c02 elementor-section-boxed elementor-section-height-default elementor-section-height-default\" data-id=\"7c125c02\" data-element_type=\"section\">\n\t\t\t\t\t\t<div class=\"elementor-container elementor-column-gap-default\">\n\t\t\t\t\t<div class=\"elementor-column elementor-col-100 elementor-top-column elementor-element elementor-element-6c640d2c\" data-id=\"6c640d2c\" data-element_type=\"column\">\n\t\t\t<div class=\"elementor-widget-wrap elementor-element-populated\">\n\t\t\t\t\t\t<div class=\"elementor-element elementor-element-9d10809 elementor-position-left elementor-vertical-align-top elementor-widget elementor-widget-image-box\" data-id=\"9d10809\" data-element_type=\"widget\" id=\"aeronautics\" data-widget_type=\"image-box.default\">\n\t\t\t\t<div class=\"elementor-widget-container\">\n\t\t\t<style>.elementor-widget-image-box .elementor-image-box-content{width:100%}@media (min-width:768px){.elementor-widget-image-box.elementor-position-left .elementor-image-box-wrapper,.elementor-widget-image-box.elementor-position-right .elementor-image-box-wrapper{display:flex}.elementor-widget-image-box.elementor-position-right .elementor-image-box-wrapper{text-align:right;flex-direction:row-reverse}.elementor-widget-image-box.elementor-position-left .elementor-image-box-wrapper{text-align:left;flex-direction:row}.elementor-widget-image-box.elementor-position-top .elementor-image-box-img{margin:auto}.elementor-widget-image-box.elementor-vertical-align-top .elementor-image-box-wrapper{align-items:flex-start}.elementor-widget-image-box.elementor-vertical-align-middle .elementor-image-box-wrapper{align-items:center}.elementor-widget-image-box.elementor-vertical-align-bottom .elementor-image-box-wrapper{align-items:flex-end}}@media (max-width:767px){.elementor-widget-image-box .elementor-image-box-img{margin-left:auto!important;margin-right:auto!important;margin-bottom:15px}}.elementor-widget-image-box .elementor-image-box-img{display:inline-block}.elementor-widget-image-box .elementor-image-box-title a{color:inherit}.elementor-widget-image-box .elementor-image-box-wrapper{text-align:center}.elementor-widget-image-box .elementor-image-box-description{margin:0}<\/style><div class=\"elementor-image-box-wrapper\"><figure class=\"elementor-image-box-img\"><div class=\"elementor-image-box-img-inner\"><img fetchpriority=\"high\" decoding=\"async\" width=\"900\" height=\"600\" src=\"https:\/\/cisb.org.br\/wp-content\/uploads\/2023\/11\/aeronautics.jpg\" class=\"attachment-full size-full wp-image-19610\" alt=\"\" srcset=\"https:\/\/cisb.org.br\/wp-content\/uploads\/2023\/11\/aeronautics.jpg 900w, https:\/\/cisb.org.br\/wp-content\/uploads\/2023\/11\/aeronautics-300x200.jpg 300w, https:\/\/cisb.org.br\/wp-content\/uploads\/2023\/11\/aeronautics-768x512.jpg 768w, https:\/\/cisb.org.br\/wp-content\/uploads\/2023\/11\/aeronautics-800x533.jpg 800w\" sizes=\"(max-width: 900px) 100vw, 900px\" \/><\/div><\/figure><div class=\"elementor-image-box-content\"><h2 class=\"elementor-image-box-title\">Aeron\u00e1utica<\/h2><p class=\"elementor-image-box-description\"><p>Aeron\u00e1utica \u00e9 uma \u00e1rea tecnol\u00f3gica estrat\u00e9gica tanto para o Brasil quanto para a Su\u00e9cia. O Brasil \u00e9 um dos quatro mais importantes produtores de aeronaves civis do mundo e, a Su\u00e9cia, apesar de pequena, \u00e9 muito bem sucedida como produtora de aeronaves militares, e tamb\u00e9m como fornecedora de conjuntos e ou sistemas para as aeronaves civis. Por usar uma s\u00e9rie de tecnologias avan\u00e7adas, com constantes spill-over que se estendem muito al\u00e9m de suas fronteiras, chegando at\u00e9 a ind\u00fastria automobil\u00edstica, de comunica\u00e7\u00e3o, etc., essa \u00e1rea representa um elemento muito importante na perspectiva da inova\u00e7\u00e3o.<\/p>\n<p>Al\u00e9m disso, a colabora\u00e7\u00e3o industrial entre os dois pa\u00edses \u00e9 fundamental tamb\u00e9m no \u00e2mbito da pesquisa acad\u00eamica aplicada \u00e0s necessidades do setor.<\/p>\n<\/p><\/div><\/div>\t\t<\/div>\n\t\t\t\t<\/div>\n\t\t\t\t<div class=\"elementor-element elementor-element-acbef06 elementor-position-left elementor-vertical-align-top elementor-widget elementor-widget-image-box\" data-id=\"acbef06\" data-element_type=\"widget\" id=\"sustainable-energy\" data-widget_type=\"image-box.default\">\n\t\t\t\t<div class=\"elementor-widget-container\">\n\t\t\t<div class=\"elementor-image-box-wrapper\"><figure class=\"elementor-image-box-img\"><div class=\"elementor-image-box-img-inner\"><img decoding=\"async\" width=\"900\" height=\"601\" src=\"https:\/\/cisb.org.br\/wp-content\/uploads\/2023\/11\/sustainable-energy.jpg\" class=\"attachment-full size-full wp-image-19627\" alt=\"\" srcset=\"https:\/\/cisb.org.br\/wp-content\/uploads\/2023\/11\/sustainable-energy.jpg 900w, https:\/\/cisb.org.br\/wp-content\/uploads\/2023\/11\/sustainable-energy-300x200.jpg 300w, https:\/\/cisb.org.br\/wp-content\/uploads\/2023\/11\/sustainable-energy-768x513.jpg 768w, https:\/\/cisb.org.br\/wp-content\/uploads\/2023\/11\/sustainable-energy-800x534.jpg 800w\" sizes=\"(max-width: 900px) 100vw, 900px\" \/><\/div><\/figure><div class=\"elementor-image-box-content\"><h2 class=\"elementor-image-box-title\">Energia Sustent\u00e1vel<\/h2><p class=\"elementor-image-box-description\"><p>Conseguir um futuro sustent\u00e1vel energeticamente \u00e9 um dos grandes desafios do s\u00e9culo XXI, fato que foi reconhecido pelo Protocolo de Kyoto em 1997.<\/p>\n<p>\u00c9 sabido que se os padr\u00f5es atuais de recursos e consumo energ\u00e9ticos n\u00e3o mudarem, estaremos comprometendo o bem-estar da humanidade em m\u00e9dio e longo prazo.<\/p>\n<p>Para reverter essa alarmante realidade, a energia sustent\u00e1vel oferece a possibilidade de atender \u00e0s demandas do desenvolvimento humano, em suas dimens\u00f5es social, econ\u00f4mica e ambiental, mas sendo gerada e fornecida de modo a n\u00e3o comprometer as necessidades das futuras gera\u00e7\u00f5es.<\/p><\/p><\/div><\/div>\t\t<\/div>\n\t\t\t\t<\/div>\n\t\t\t\t<div class=\"elementor-element elementor-element-33dbc8b elementor-position-left elementor-vertical-align-top elementor-widget elementor-widget-image-box\" data-id=\"33dbc8b\" data-element_type=\"widget\" id=\"transport-and-logistics\" data-widget_type=\"image-box.default\">\n\t\t\t\t<div class=\"elementor-widget-container\">\n\t\t\t<div class=\"elementor-image-box-wrapper\"><figure class=\"elementor-image-box-img\"><div class=\"elementor-image-box-img-inner\"><img decoding=\"async\" width=\"900\" height=\"600\" src=\"https:\/\/cisb.org.br\/wp-content\/uploads\/2023\/11\/transport-and-logistics.jpg\" class=\"attachment-full size-full wp-image-19623\" alt=\"\" srcset=\"https:\/\/cisb.org.br\/wp-content\/uploads\/2023\/11\/transport-and-logistics.jpg 900w, https:\/\/cisb.org.br\/wp-content\/uploads\/2023\/11\/transport-and-logistics-300x200.jpg 300w, https:\/\/cisb.org.br\/wp-content\/uploads\/2023\/11\/transport-and-logistics-768x512.jpg 768w, https:\/\/cisb.org.br\/wp-content\/uploads\/2023\/11\/transport-and-logistics-800x533.jpg 800w\" sizes=\"(max-width: 900px) 100vw, 900px\" \/><\/div><\/figure><div class=\"elementor-image-box-content\"><h2 class=\"elementor-image-box-title\">Transporte e Log\u00edstica<\/h2><p class=\"elementor-image-box-description\"><p>Todo ser humano precisa se deslocar para atender \u00e0s suas mais variadas necessidades: trabalho, lazer, educa\u00e7\u00e3o, sa\u00fade, compras, etc. E as formas como esse transporte se realiza depende de fatores como idade, renda, grau de escolaridade, entre outros.<\/p>\n<p>De acordo com o Council of Supply Chain Management Professionals, \"Log\u00edstica \u00e9 a parte do Gerenciamento da Cadeia de Abastecimento que planeja, implementa e controla o fluxo e armazenamento eficiente e econ\u00f4mico de mat\u00e9rias-primas, materiais semi-acabados e produtos acabados, bem como as informa\u00e7\u00f5es a eles relativas, desde o ponto de origem at\u00e9 o ponto de consumo, com o prop\u00f3sito de atender \u00e0s exig\u00eancias dos clientes\".<\/p>\n<\/p><\/div><\/div>\t\t<\/div>\n\t\t\t\t<\/div>\n\t\t\t\t<div class=\"elementor-element elementor-element-46fa6b0 elementor-position-left elementor-vertical-align-top elementor-widget elementor-widget-image-box\" data-id=\"46fa6b0\" data-element_type=\"widget\" id=\"urban-development\" data-widget_type=\"image-box.default\">\n\t\t\t\t<div class=\"elementor-widget-container\">\n\t\t\t<div class=\"elementor-image-box-wrapper\"><figure class=\"elementor-image-box-img\"><div class=\"elementor-image-box-img-inner\"><img loading=\"lazy\" decoding=\"async\" width=\"900\" height=\"600\" src=\"https:\/\/cisb.org.br\/wp-content\/uploads\/2023\/11\/urban-development.jpg\" class=\"attachment-full size-full wp-image-19625\" alt=\"\" srcset=\"https:\/\/cisb.org.br\/wp-content\/uploads\/2023\/11\/urban-development.jpg 900w, https:\/\/cisb.org.br\/wp-content\/uploads\/2023\/11\/urban-development-300x200.jpg 300w, https:\/\/cisb.org.br\/wp-content\/uploads\/2023\/11\/urban-development-768x512.jpg 768w, https:\/\/cisb.org.br\/wp-content\/uploads\/2023\/11\/urban-development-800x533.jpg 800w\" sizes=\"(max-width: 900px) 100vw, 900px\" \/><\/div><\/figure><div class=\"elementor-image-box-content\"><h2 class=\"elementor-image-box-title\">Desenvolvimento Urbano<\/h2><p class=\"elementor-image-box-description\"><p>O progresso da humanidade nos tornou cada vez mais urbanos e o \u00eaxodo das \u00e1reas rurais fez do s\u00e9culo XXI o \u201cs\u00e9culo das cidades\u201d.<\/p>\n<p>Conforme as cidades foram crescendo e seu n\u00famero de habitantes aumentando, foram tamb\u00e9m somando problemas de gest\u00e3o e de custos com a manuten\u00e7\u00e3o de servi\u00e7os e infraestrutura. No entanto, todos esses desafios podem ser vistos como oportunidades \u00fanicas para o que chamamos de \u201csmart cities\u201d.<\/p>\n<p>H\u00e1 uma demanda para que as smart cities sejam lugares envolventes, criativos, inclusivos e, principalmente, colaborativos, resultando em uma intelig\u00eancia coletiva que deve ter a participa\u00e7\u00e3o de toda a sociedade.<\/p>\n<p>Para que nossas cidades caminhem nessa dire\u00e7\u00e3o, precisamos de aplica\u00e7\u00e3o massiva de tecnologia por meio de inova\u00e7\u00e3o e da aplica\u00e7\u00e3o de novos modelos de atua\u00e7\u00e3o.<\/p>\n<p>Uma das principais defesas do conceito de smart cities e suas pol\u00edticas \u00e9 o crescimento econ\u00f4mico e a gera\u00e7\u00e3o de empregos e inova\u00e7\u00e3o que elas proporcionam. Dessa forma, \u00e9 importante considerar.<\/p><\/p><\/div><\/div>\t\t<\/div>\n\t\t\t\t<\/div>\n\t\t\t\t\t<\/div>\n\t\t<\/div>\n\t\t\t\t\t<\/div>\n\t\t<\/section>\n\t\t\t\t<\/div>\n\t\t","protected":false},"excerpt":{"rendered":"<p>Aeron\u00e1utica Aeron\u00e1utica \u00e9 uma \u00e1rea tecnol\u00f3gica estrat\u00e9gica tanto para o Brasil quanto para a Su\u00e9cia. O Brasil \u00e9 um dos quatro mais importantes produtores de aeronaves civis do mundo e, a Su\u00e9cia, apesar de pequena, \u00e9 muito bem sucedida como produtora de aeronaves militares, e tamb\u00e9m como fornecedora de conjuntos e ou sistemas para as [&hellip;]<\/p>\n","protected":false},"author":1,"featured_media":0,"parent":18319,"menu_order":0,"comment_status":"closed","ping_status":"closed","template":"elementor_theme","meta":{"inline_featured_image":false,"footnotes":""},"class_list":["post-18602","page","type-page","status-publish","hentry"],"_links":{"self":[{"href":"https:\/\/cisb.org.br\/pt-br\/wp-json\/wp\/v2\/pages\/18602","targetHints":{"allow":["GET"]}}],"collection":[{"href":"https:\/\/cisb.org.br\/pt-br\/wp-json\/wp\/v2\/pages"}],"about":[{"href":"https:\/\/cisb.org.br\/pt-br\/wp-json\/wp\/v2\/types\/page"}],"author":[{"embeddable":true,"href":"https:\/\/cisb.org.br\/pt-br\/wp-json\/wp\/v2\/users\/1"}],"replies":[{"embeddable":true,"href":"https:\/\/cisb.org.br\/pt-br\/wp-json\/wp\/v2\/comments?post=18602"}],"version-history":[{"count":14,"href":"https:\/\/cisb.org.br\/pt-br\/wp-json\/wp\/v2\/pages\/18602\/revisions"}],"predecessor-version":[{"id":20958,"href":"https:\/\/cisb.org.br\/pt-br\/wp-json\/wp\/v2\/pages\/18602\/revisions\/20958"}],"up":[{"embeddable":true,"href":"https:\/\/cisb.org.br\/pt-br\/wp-json\/wp\/v2\/pages\/18319"}],"wp:attachment":[{"href":"https:\/\/cisb.org.br\/pt-br\/wp-json\/wp\/v2\/media?parent=18602"}],"curies":[{"name":"wp","href":"https:\/\/api.w.org\/{rel}","templated":true}]}}