{"id":18845,"date":"2023-11-02T19:36:14","date_gmt":"2023-11-02T22:36:14","guid":{"rendered":"https:\/\/cisb.org.br\/?page_id=18845"},"modified":"2023-12-11T15:18:25","modified_gmt":"2023-12-11T18:18:25","slug":"missoes","status":"publish","type":"page","link":"https:\/\/cisb.org.br\/pt-br\/colaboracao\/missoes\/","title":{"rendered":"Miss\u00f5es"},"content":{"rendered":"\t\t<div data-elementor-type=\"wp-page\" data-elementor-id=\"18845\" class=\"elementor elementor-18845 elementor-18841\">\n\t\t\t\t\t\t<section class=\"elementor-section elementor-top-section elementor-element elementor-element-634bd98e elementor-section-boxed elementor-section-height-default elementor-section-height-default\" data-id=\"634bd98e\" data-element_type=\"section\">\n\t\t\t\t\t\t<div class=\"elementor-container elementor-column-gap-default\">\n\t\t\t\t\t<div class=\"elementor-column elementor-col-100 elementor-top-column elementor-element elementor-element-17a8ffe6\" data-id=\"17a8ffe6\" data-element_type=\"column\">\n\t\t\t<div class=\"elementor-widget-wrap elementor-element-populated\">\n\t\t\t\t\t\t<div class=\"elementor-element elementor-element-a8093a5 elementor-widget elementor-widget-image\" data-id=\"a8093a5\" data-element_type=\"widget\" data-widget_type=\"image.default\">\n\t\t\t\t<div class=\"elementor-widget-container\">\n\t\t\t<style>\/*! elementor - v3.19.0 - 07-02-2024 *\/\n.elementor-widget-image{text-align:center}.elementor-widget-image a{display:inline-block}.elementor-widget-image a img[src$=\".svg\"]{width:48px}.elementor-widget-image img{vertical-align:middle;display:inline-block}<\/style>\t\t\t\t\t\t\t\t\t\t<img fetchpriority=\"high\" decoding=\"async\" width=\"567\" height=\"242\" src=\"https:\/\/cisb.org.br\/wp-content\/uploads\/2023\/11\/missions.jpg\" class=\"attachment-full size-full wp-image-20186\" alt=\"\" srcset=\"https:\/\/cisb.org.br\/wp-content\/uploads\/2023\/11\/missions.jpg 567w, https:\/\/cisb.org.br\/wp-content\/uploads\/2023\/11\/missions-300x128.jpg 300w\" sizes=\"(max-width: 567px) 100vw, 567px\" \/>\t\t\t\t\t\t\t\t\t\t\t\t\t<\/div>\n\t\t\t\t<\/div>\n\t\t\t\t<div class=\"elementor-element elementor-element-febbe7c elementor-widget elementor-widget-text-editor\" data-id=\"febbe7c\" data-element_type=\"widget\" data-widget_type=\"text-editor.default\">\n\t\t\t\t<div class=\"elementor-widget-container\">\n\t\t\t<style>\/*! elementor - v3.19.0 - 07-02-2024 *\/\n.elementor-widget-text-editor.elementor-drop-cap-view-stacked .elementor-drop-cap{background-color:#69727d;color:#fff}.elementor-widget-text-editor.elementor-drop-cap-view-framed .elementor-drop-cap{color:#69727d;border:3px solid;background-color:transparent}.elementor-widget-text-editor:not(.elementor-drop-cap-view-default) .elementor-drop-cap{margin-top:8px}.elementor-widget-text-editor:not(.elementor-drop-cap-view-default) .elementor-drop-cap-letter{width:1em;height:1em}.elementor-widget-text-editor .elementor-drop-cap{float:left;text-align:center;line-height:1;font-size:50px}.elementor-widget-text-editor .elementor-drop-cap-letter{display:inline-block}<\/style>\t\t\t\t<p>O CISB organiza uma miss\u00e3o de uma semana na Su\u00e9cia chamado \u201cOpen Innovation Learning Week in Sweden\u201d (OILW) com o objetivo de proporcionar a intera\u00e7\u00e3o entre os participantes e alguns dos principais atores do sistema de inova\u00e7\u00e3o sueco, al\u00e9m de conhecer o modelo sueco da h\u00e9lice tripla e entender o contexto de que faz da Su\u00e9cia um dos pa\u00edses mais inovadores do mundo, segundo o Global Index Innovation.<\/p>\n<p>Durante a semana, s\u00e3o realizadas visitas t\u00e9cnicas, palestras e semin\u00e1rios em universidades, parques tecnol\u00f3gicos, empresas e \u00f3rg\u00e3os do governo sueco, o que possibilita uma ampla compreens\u00e3o do sistema de inova\u00e7\u00e3o do pa\u00eds. Al\u00e9m disso, as visitas s\u00e3o uma oportunidade para a cria\u00e7\u00e3o de uma rede de relacionamento e para o in\u00edcio de parcerias.<\/p>\n<p>At\u00e9 o momento, 4 edi\u00e7\u00f5es foram realizadas. Em 2017, o OILW foi organizado em parceria com o IEL (Instituto Euvaldo Lodi), \u00f3rg\u00e3o ligado ao CNI (Confedera\u00e7\u00e3o Nacional das Ind\u00fastrias). J\u00e1 a edi\u00e7\u00e3o de 2018 contou com a parceria da ANPEI e o apoio de outras 10 institucionais brasileiras.<\/p>\n<p>A iniciativa j\u00e1 levou mais de 90 brasileiros \u00e0 Su\u00e9cia, todos representantes de diferentes organiza\u00e7\u00f5es da h\u00e9lice tripla, o que contribuiu para a atra\u00e7\u00e3o de novos associados ao CISB, assinaturas de MoU e uma maior coopera\u00e7\u00e3o entre ag\u00eancias de fomento do Brasil e da Su\u00e9cia, com destaque para o setor aeron\u00e1utico.<\/p>\n<p>O CISB tamb\u00e9m organiza miss\u00f5es sob demanda para grupos fechados. \u00c9 criada uma agenda espec\u00edfica de acordo com os objetivos dos participantes. Para mais informa\u00e7\u00f5es, <a href=\"https:\/\/cisb.org.br\/wp\/pt-br\/contato\/\">nos envie uma mensagem<\/a>.<\/p>\t\t\t\t\t\t<\/div>\n\t\t\t\t<\/div>\n\t\t\t\t\t<\/div>\n\t\t<\/div>\n\t\t\t\t\t<\/div>\n\t\t<\/section>\n\t\t\t\t<\/div>\n\t\t","protected":false},"excerpt":{"rendered":"<p>O CISB organiza uma miss\u00e3o de uma semana na Su\u00e9cia chamado \u201cOpen Innovation Learning Week in Sweden\u201d (OILW) com o objetivo de proporcionar a intera\u00e7\u00e3o entre os participantes e alguns dos principais atores do sistema de inova\u00e7\u00e3o sueco, al\u00e9m de conhecer o modelo sueco da h\u00e9lice tripla e entender o contexto de que faz da [&hellip;]<\/p>\n","protected":false},"author":1,"featured_media":0,"parent":18842,"menu_order":0,"comment_status":"closed","ping_status":"closed","template":"","meta":{"inline_featured_image":false,"footnotes":""},"class_list":["post-18845","page","type-page","status-publish","hentry"],"_links":{"self":[{"href":"https:\/\/cisb.org.br\/pt-br\/wp-json\/wp\/v2\/pages\/18845","targetHints":{"allow":["GET"]}}],"collection":[{"href":"https:\/\/cisb.org.br\/pt-br\/wp-json\/wp\/v2\/pages"}],"about":[{"href":"https:\/\/cisb.org.br\/pt-br\/wp-json\/wp\/v2\/types\/page"}],"author":[{"embeddable":true,"href":"https:\/\/cisb.org.br\/pt-br\/wp-json\/wp\/v2\/users\/1"}],"replies":[{"embeddable":true,"href":"https:\/\/cisb.org.br\/pt-br\/wp-json\/wp\/v2\/comments?post=18845"}],"version-history":[{"count":2,"href":"https:\/\/cisb.org.br\/pt-br\/wp-json\/wp\/v2\/pages\/18845\/revisions"}],"predecessor-version":[{"id":20526,"href":"https:\/\/cisb.org.br\/pt-br\/wp-json\/wp\/v2\/pages\/18845\/revisions\/20526"}],"up":[{"embeddable":true,"href":"https:\/\/cisb.org.br\/pt-br\/wp-json\/wp\/v2\/pages\/18842"}],"wp:attachment":[{"href":"https:\/\/cisb.org.br\/pt-br\/wp-json\/wp\/v2\/media?parent=18845"}],"curies":[{"name":"wp","href":"https:\/\/api.w.org\/{rel}","templated":true}]}}