{"id":18856,"date":"2023-11-02T19:54:05","date_gmt":"2023-11-02T22:54:05","guid":{"rendered":"https:\/\/cisb.org.br\/?page_id=18856"},"modified":"2025-06-27T08:00:01","modified_gmt":"2025-06-27T11:00:01","slug":"empreendedorismo","status":"publish","type":"page","link":"https:\/\/cisb.org.br\/pt-br\/colaboracao\/empreendedorismo\/","title":{"rendered":"Corporate Venture"},"content":{"rendered":"\t\t<div data-elementor-type=\"wp-page\" data-elementor-id=\"18856\" class=\"elementor elementor-18856 elementor-18854\">\n\t\t\t\t\t\t<section class=\"elementor-section elementor-top-section elementor-element elementor-element-285d2e8 elementor-section-boxed elementor-section-height-default elementor-section-height-default\" data-id=\"285d2e8\" data-element_type=\"section\">\n\t\t\t\t\t\t<div class=\"elementor-container elementor-column-gap-default\">\n\t\t\t\t\t<div class=\"elementor-column elementor-col-100 elementor-top-column elementor-element elementor-element-12d7c83\" data-id=\"12d7c83\" data-element_type=\"column\">\n\t\t\t<div class=\"elementor-widget-wrap elementor-element-populated\">\n\t\t\t\t\t\t<div class=\"elementor-element elementor-element-c8443b2 elementor-widget elementor-widget-text-editor\" data-id=\"c8443b2\" data-element_type=\"widget\" data-widget_type=\"text-editor.default\">\n\t\t\t\t<div class=\"elementor-widget-container\">\n\t\t\t<style>\/*! elementor - v3.19.0 - 07-02-2024 *\/\n.elementor-widget-text-editor.elementor-drop-cap-view-stacked .elementor-drop-cap{background-color:#69727d;color:#fff}.elementor-widget-text-editor.elementor-drop-cap-view-framed .elementor-drop-cap{color:#69727d;border:3px solid;background-color:transparent}.elementor-widget-text-editor:not(.elementor-drop-cap-view-default) .elementor-drop-cap{margin-top:8px}.elementor-widget-text-editor:not(.elementor-drop-cap-view-default) .elementor-drop-cap-letter{width:1em;height:1em}.elementor-widget-text-editor .elementor-drop-cap{float:left;text-align:center;line-height:1;font-size:50px}.elementor-widget-text-editor .elementor-drop-cap-letter{display:inline-block}<\/style>\t\t\t\t<p><span lang=\"EN-GB\" style=\"mso-ansi-language: EN-GB;\">O CISB lan\u00e7ou sua iniciativa de Corporate Venture em 2019, por meio da parceria com Ignite da Su\u00e9cia e Anprotec no Brasil. A iniciativa tem o objetivo de facilitar a colabora\u00e7\u00e3o e ou neg\u00f3cios entre startups do Brasil ou da Su\u00e9cia e grandes corpora\u00e7\u00f5es nos dois pa\u00edses.<\/span><\/p><p><span lang=\"EN-GB\" style=\"mso-ansi-language: EN-GB;\">No \u00e2mbito desta iniciativa, j\u00e1 foram realizadas 3 edi\u00e7\u00f5es do Sweden Brazil Startup Matchday online e tamb\u00e9m organizadas delega\u00e7\u00f5es de startups brasileiras \u00e0 Su\u00e9cia no ano de 2019, 2022, 2024 e 2025.<\/span><\/p><p><span lang=\"EN-GB\" style=\"mso-ansi-language: EN-GB;\">Para mais informa\u00e7\u00f5es sobre a iniciativa, <a href=\"https:\/\/cisb.org.br\/wp\/pt-br\/contato\/\">nos envie uma mensagem<\/a>.<\/span><\/p>\t\t\t\t\t\t<\/div>\n\t\t\t\t<\/div>\n\t\t\t\t\t<\/div>\n\t\t<\/div>\n\t\t\t\t\t<\/div>\n\t\t<\/section>\n\t\t\t\t<\/div>\n\t\t","protected":false},"excerpt":{"rendered":"<p>O CISB lan\u00e7ou sua iniciativa de Corporate Venture em 2019, por meio da parceria com Ignite da Su\u00e9cia e Anprotec no Brasil. A iniciativa tem o objetivo de facilitar a colabora\u00e7\u00e3o e ou neg\u00f3cios entre startups do Brasil ou da Su\u00e9cia e grandes corpora\u00e7\u00f5es nos dois pa\u00edses. No \u00e2mbito desta iniciativa, j\u00e1 foram realizadas 3 [&hellip;]<\/p>\n","protected":false},"author":1,"featured_media":0,"parent":18842,"menu_order":0,"comment_status":"closed","ping_status":"closed","template":"","meta":{"inline_featured_image":false,"footnotes":""},"class_list":["post-18856","page","type-page","status-publish","hentry"],"_links":{"self":[{"href":"https:\/\/cisb.org.br\/pt-br\/wp-json\/wp\/v2\/pages\/18856","targetHints":{"allow":["GET"]}}],"collection":[{"href":"https:\/\/cisb.org.br\/pt-br\/wp-json\/wp\/v2\/pages"}],"about":[{"href":"https:\/\/cisb.org.br\/pt-br\/wp-json\/wp\/v2\/types\/page"}],"author":[{"embeddable":true,"href":"https:\/\/cisb.org.br\/pt-br\/wp-json\/wp\/v2\/users\/1"}],"replies":[{"embeddable":true,"href":"https:\/\/cisb.org.br\/pt-br\/wp-json\/wp\/v2\/comments?post=18856"}],"version-history":[{"count":6,"href":"https:\/\/cisb.org.br\/pt-br\/wp-json\/wp\/v2\/pages\/18856\/revisions"}],"predecessor-version":[{"id":21660,"href":"https:\/\/cisb.org.br\/pt-br\/wp-json\/wp\/v2\/pages\/18856\/revisions\/21660"}],"up":[{"embeddable":true,"href":"https:\/\/cisb.org.br\/pt-br\/wp-json\/wp\/v2\/pages\/18842"}],"wp:attachment":[{"href":"https:\/\/cisb.org.br\/pt-br\/wp-json\/wp\/v2\/media?parent=18856"}],"curies":[{"name":"wp","href":"https:\/\/api.w.org\/{rel}","templated":true}]}}