{"id":18860,"date":"2023-11-02T19:56:33","date_gmt":"2023-11-02T22:56:33","guid":{"rendered":"https:\/\/cisb.org.br\/?page_id=18860"},"modified":"2023-12-11T15:26:29","modified_gmt":"2023-12-11T18:26:29","slug":"sbii","status":"publish","type":"page","link":"https:\/\/cisb.org.br\/pt-br\/colaboracao\/sbii\/","title":{"rendered":"SBII"},"content":{"rendered":"\t\t<div data-elementor-type=\"wp-page\" data-elementor-id=\"18860\" class=\"elementor elementor-18860 elementor-18858\">\n\t\t\t\t\t\t<section class=\"elementor-section elementor-top-section elementor-element elementor-element-c1af4cd elementor-section-boxed elementor-section-height-default elementor-section-height-default\" data-id=\"c1af4cd\" data-element_type=\"section\">\n\t\t\t\t\t\t<div class=\"elementor-container elementor-column-gap-default\">\n\t\t\t\t\t<div class=\"elementor-column elementor-col-100 elementor-top-column elementor-element elementor-element-c6307b0\" data-id=\"c6307b0\" data-element_type=\"column\">\n\t\t\t<div class=\"elementor-widget-wrap elementor-element-populated\">\n\t\t\t\t\t\t<div class=\"elementor-element elementor-element-de70bb7 elementor-widget elementor-widget-text-editor\" data-id=\"de70bb7\" data-element_type=\"widget\" data-widget_type=\"text-editor.default\">\n\t\t\t\t<div class=\"elementor-widget-container\">\n\t\t\t<style>\/*! elementor - v3.19.0 - 07-02-2024 *\/\n.elementor-widget-text-editor.elementor-drop-cap-view-stacked .elementor-drop-cap{background-color:#69727d;color:#fff}.elementor-widget-text-editor.elementor-drop-cap-view-framed .elementor-drop-cap{color:#69727d;border:3px solid;background-color:transparent}.elementor-widget-text-editor:not(.elementor-drop-cap-view-default) .elementor-drop-cap{margin-top:8px}.elementor-widget-text-editor:not(.elementor-drop-cap-view-default) .elementor-drop-cap-letter{width:1em;height:1em}.elementor-widget-text-editor .elementor-drop-cap{float:left;text-align:center;line-height:1;font-size:50px}.elementor-widget-text-editor .elementor-drop-cap-letter{display:inline-block}<\/style>\t\t\t\t<p>A Sweden Brazil Innovation Innitiative (SBII) \u00e9 uma plataforma ampla que ap\u00f3ia relacionamentos de longo prazo que podem possibilitar colabora\u00e7\u00f5es e promover a cocria\u00e7\u00e3o de ecossistemas de inova\u00e7\u00e3o. As principais atividades s\u00e3o a divulga\u00e7\u00e3o de informa\u00e7\u00f5es sobre coopera\u00e7\u00e3o, oportunidades, avisos, semin\u00e1rios e matchmaking.<\/p>\n<p>Desde 2016, a Su\u00e9cia e o Brasil t\u00eam uma parceria estrat\u00e9gica de inova\u00e7\u00e3o (SGI &#8211; Steering Group of Innovation) entre o Minist\u00e9rio do Clima e Empreendimento da Su\u00e9cia (KN) e o Minist\u00e9rio da Ci\u00eancia, Tecnologia e Inova\u00e7\u00f5es (MCTI). O objetivo do SGI \u00e9 criar condi\u00e7\u00f5es para a implementa\u00e7\u00e3o da Parceria Estrat\u00e9gica. Foram escolhidas quatro grandes \u00e1reas de concentra\u00e7\u00e3o: Ci\u00eancias da Vida (Sa\u00fade), Cidades Inteligentes, Minera\u00e7\u00e3o Sustent\u00e1vel e Bioeconomia.<\/p>\n<p>Para mais informa\u00e7\u00f5es: <a href=\"https:\/\/www.sbii.org\" target=\"_blank\" rel=\"noopener\">https:\/\/www.sbii.org<\/a><\/p>\n\t\t\t\t\t\t<\/div>\n\t\t\t\t<\/div>\n\t\t\t\t\t<\/div>\n\t\t<\/div>\n\t\t\t\t\t<\/div>\n\t\t<\/section>\n\t\t\t\t<\/div>\n\t\t","protected":false},"excerpt":{"rendered":"<p>A Sweden Brazil Innovation Innitiative (SBII) \u00e9 uma plataforma ampla que ap\u00f3ia relacionamentos de longo prazo que podem possibilitar colabora\u00e7\u00f5es e promover a cocria\u00e7\u00e3o de ecossistemas de inova\u00e7\u00e3o. As principais atividades s\u00e3o a divulga\u00e7\u00e3o de informa\u00e7\u00f5es sobre coopera\u00e7\u00e3o, oportunidades, avisos, semin\u00e1rios e matchmaking. Desde 2016, a Su\u00e9cia e o Brasil t\u00eam uma parceria estrat\u00e9gica de [&hellip;]<\/p>\n","protected":false},"author":1,"featured_media":0,"parent":18842,"menu_order":0,"comment_status":"closed","ping_status":"closed","template":"","meta":{"inline_featured_image":false,"footnotes":""},"class_list":["post-18860","page","type-page","status-publish","hentry"],"_links":{"self":[{"href":"https:\/\/cisb.org.br\/pt-br\/wp-json\/wp\/v2\/pages\/18860","targetHints":{"allow":["GET"]}}],"collection":[{"href":"https:\/\/cisb.org.br\/pt-br\/wp-json\/wp\/v2\/pages"}],"about":[{"href":"https:\/\/cisb.org.br\/pt-br\/wp-json\/wp\/v2\/types\/page"}],"author":[{"embeddable":true,"href":"https:\/\/cisb.org.br\/pt-br\/wp-json\/wp\/v2\/users\/1"}],"replies":[{"embeddable":true,"href":"https:\/\/cisb.org.br\/pt-br\/wp-json\/wp\/v2\/comments?post=18860"}],"version-history":[{"count":2,"href":"https:\/\/cisb.org.br\/pt-br\/wp-json\/wp\/v2\/pages\/18860\/revisions"}],"predecessor-version":[{"id":20528,"href":"https:\/\/cisb.org.br\/pt-br\/wp-json\/wp\/v2\/pages\/18860\/revisions\/20528"}],"up":[{"embeddable":true,"href":"https:\/\/cisb.org.br\/pt-br\/wp-json\/wp\/v2\/pages\/18842"}],"wp:attachment":[{"href":"https:\/\/cisb.org.br\/pt-br\/wp-json\/wp\/v2\/media?parent=18860"}],"curies":[{"name":"wp","href":"https:\/\/api.w.org\/{rel}","templated":true}]}}