{"id":18864,"date":"2023-11-02T19:57:55","date_gmt":"2023-11-02T22:57:55","guid":{"rendered":"https:\/\/cisb.org.br\/?page_id=18864"},"modified":"2025-08-04T15:54:55","modified_gmt":"2025-08-04T18:54:55","slug":"parceiros","status":"publish","type":"page","link":"https:\/\/cisb.org.br\/pt-br\/colaboracao\/parceiros\/","title":{"rendered":"Parceiros"},"content":{"rendered":"\t\t<div data-elementor-type=\"wp-page\" data-elementor-id=\"18864\" class=\"elementor elementor-18864 elementor-18862\">\n\t\t\t\t\t\t<section class=\"elementor-section elementor-top-section elementor-element elementor-element-290d350 elementor-section-boxed elementor-section-height-default elementor-section-height-default\" data-id=\"290d350\" data-element_type=\"section\">\n\t\t\t\t\t\t<div class=\"elementor-container elementor-column-gap-default\">\n\t\t\t\t\t<div class=\"elementor-column elementor-col-100 elementor-top-column elementor-element elementor-element-1381bc5\" data-id=\"1381bc5\" data-element_type=\"column\">\n\t\t\t<div class=\"elementor-widget-wrap elementor-element-populated\">\n\t\t\t\t\t\t<div class=\"elementor-element elementor-element-23b3c0d elementor-widget elementor-widget-text-editor\" data-id=\"23b3c0d\" data-element_type=\"widget\" data-widget_type=\"text-editor.default\">\n\t\t\t\t<div class=\"elementor-widget-container\">\n\t\t\t<style>\/*! elementor - v3.19.0 - 07-02-2024 *\/\n.elementor-widget-text-editor.elementor-drop-cap-view-stacked .elementor-drop-cap{background-color:#69727d;color:#fff}.elementor-widget-text-editor.elementor-drop-cap-view-framed .elementor-drop-cap{color:#69727d;border:3px solid;background-color:transparent}.elementor-widget-text-editor:not(.elementor-drop-cap-view-default) .elementor-drop-cap{margin-top:8px}.elementor-widget-text-editor:not(.elementor-drop-cap-view-default) .elementor-drop-cap-letter{width:1em;height:1em}.elementor-widget-text-editor .elementor-drop-cap{float:left;text-align:center;line-height:1;font-size:50px}.elementor-widget-text-editor .elementor-drop-cap-letter{display:inline-block}<\/style>\t\t\t\t<p>O CISB j\u00e1 conta com uma rede consolidada de parceiros que apoiam as iniciativas na Associa\u00e7\u00e3o no Brasil e na Su\u00e9cia. Desta maneira a Associa\u00e7\u00e3o tamb\u00e9m se mantem conectada com eventos, a\u00e7\u00f5es e f\u00f3runs de parceiros, que possam ser relevantes para o ecossistema Brasil-Su\u00e9cia.<\/p>\n\t\t\t\t\t\t<\/div>\n\t\t\t\t<\/div>\n\t\t\t\t<div class=\"elementor-element elementor-element-7f22daa arrow-style-1 elementor-widget elementor-widget-kitchor-brand\" data-id=\"7f22daa\" data-element_type=\"widget\" data-widget_type=\"kitchor-brand.default\">\n\t\t\t\t<div class=\"elementor-widget-container\">\n\t\t\t        <div class=\"elementor-brands\">\n            <div class=\"elementor-brand-wrapper\">\n\n                <div class=\"row row\" data-elementor-columns-widescreen=\"4\" data-elementor-columns=\"4\" data-elementor-columns-laptop=\"4\" data-elementor-columns-tablet-extra=\"4\" data-elementor-columns-tablet=\"2\" data-elementor-columns-mobile-extra=\"2\" data-elementor-columns-mobile=\"1\">\n                                            <div class=\"elementor-brand-item column-item\">\n                            <div class=\"elementor-brand-image\">\n                                <a href=\"https:\/\/www.abdi.com.br\/\" target=\"_blank\" title=\"ABDI - Ag\u00eancia Brasileira de Desenvolvimento Industrial\"><img decoding=\"async\" width=\"194\" height=\"109\" src=\"https:\/\/cisb.org.br\/wp-content\/uploads\/2023\/11\/ABDI.png\" class=\"attachment-full size-full wp-image-19844\" alt=\"\" \/><\/a>                            <\/div>\n                        <\/div>\n                                            <div class=\"elementor-brand-item column-item\">\n                            <div class=\"elementor-brand-image\">\n                                <a href=\"http:\/\/www.agi.puc-rio.br\/\" target=\"_blank _blank\" title=\"Ag\u00eancia PUC-Rio\"><img decoding=\"async\" width=\"194\" height=\"109\" src=\"https:\/\/cisb.org.br\/wp-content\/uploads\/2023\/11\/agencia-PUC-Rio.png\" class=\"attachment-full size-full wp-image-19846\" alt=\"\" \/><\/a>                            <\/div>\n                        <\/div>\n                                            <div class=\"elementor-brand-item column-item\">\n                            <div class=\"elementor-brand-image\">\n                                <a href=\"https:\/\/anpei.org.br\/\" target=\"_blank _blank _blank\" title=\"ANPEI\"><img decoding=\"async\" width=\"194\" height=\"109\" src=\"https:\/\/cisb.org.br\/wp-content\/uploads\/2023\/11\/ANPEI.png\" class=\"attachment-full size-full wp-image-19834\" alt=\"\" \/><\/a>                            <\/div>\n                        <\/div>\n                                            <div class=\"elementor-brand-item column-item\">\n                            <div class=\"elementor-brand-image\">\n                                <a href=\"https:\/\/anprotec.org.br\/site\/\" target=\"_blank _blank _blank _blank\" title=\"anprotec\"><img loading=\"lazy\" decoding=\"async\" width=\"194\" height=\"109\" src=\"https:\/\/cisb.org.br\/wp-content\/uploads\/2023\/11\/anprotec.png\" class=\"attachment-full size-full wp-image-19836\" alt=\"\" \/><\/a>                            <\/div>\n                        <\/div>\n                                            <div class=\"elementor-brand-item column-item\">\n                            <div class=\"elementor-brand-image\">\n                                <a href=\"https:\/\/www.business-sweden.com\/\" target=\"_blank _blank _blank _blank _blank\" title=\"Business Sweden\"><img loading=\"lazy\" decoding=\"async\" width=\"194\" height=\"109\" src=\"https:\/\/cisb.org.br\/wp-content\/uploads\/2023\/11\/Business-Sweden.png\" class=\"attachment-full size-full wp-image-19838\" alt=\"\" \/><\/a>                            <\/div>\n                        <\/div>\n                                            <div class=\"elementor-brand-item column-item\">\n                            <div class=\"elementor-brand-image\">\n                                <a href=\"https:\/\/www.gov.br\/cnpq\/pt-br\" target=\"_blank _blank _blank _blank _blank _blank\" title=\"CNPq\"><img loading=\"lazy\" decoding=\"async\" width=\"194\" height=\"109\" src=\"https:\/\/cisb.org.br\/wp-content\/uploads\/2023\/11\/CNPq.png\" class=\"attachment-full size-full wp-image-19840\" alt=\"\" \/><\/a>                            <\/div>\n                        <\/div>\n                                            <div class=\"elementor-brand-item column-item\">\n                            <div class=\"elementor-brand-image\">\n                                <a href=\"https:\/\/combientfoundry.com\" target=\"_blank _blank _blank _blank _blank _blank\" title=\"Combient Foundry\"><img loading=\"lazy\" decoding=\"async\" width=\"166\" height=\"80\" src=\"https:\/\/cisb.org.br\/wp-content\/uploads\/2025\/06\/combientfoundry-1.jpg\" class=\"attachment-full size-full wp-image-21620\" alt=\"\" \/><\/a>                            <\/div>\n                        <\/div>\n                                            <div class=\"elementor-brand-item column-item\">\n                            <div class=\"elementor-brand-image\">\n                                <a href=\"https:\/\/swedeninsp.org.br\/\" target=\"_blank _blank _blank _blank _blank _blank _blank\" title=\"Consulado Geral da Su\u00e9cia em S\u00e3o Paulo\"><img loading=\"lazy\" decoding=\"async\" width=\"194\" height=\"109\" src=\"https:\/\/cisb.org.br\/wp-content\/uploads\/2023\/11\/consulato-geral-da-suecia.png\" class=\"attachment-full size-full wp-image-19842\" alt=\"\" \/><\/a>                            <\/div>\n                        <\/div>\n                                            <div class=\"elementor-brand-item column-item\">\n                            <div class=\"elementor-brand-image\">\n                                <a href=\"https:\/\/eesc.usp.br\/\" target=\"_blank _blank _blank _blank _blank _blank _blank _blank\" title=\"EESC-USP\"><img loading=\"lazy\" decoding=\"async\" width=\"194\" height=\"109\" src=\"https:\/\/cisb.org.br\/wp-content\/uploads\/2023\/11\/EESC-USP.png\" class=\"attachment-full size-full wp-image-19916\" alt=\"\" \/><\/a>                            <\/div>\n                        <\/div>\n                                            <div class=\"elementor-brand-item column-item\">\n                            <div class=\"elementor-brand-image\">\n                                <a href=\"https:\/\/www.gov.br\/mre\/pt-br\/embaixada-estocolmo\" target=\"_blank _blank _blank _blank _blank _blank _blank _blank _blank\" title=\"Embaixada do Brasil em Estocolmo\"><img loading=\"lazy\" decoding=\"async\" width=\"194\" height=\"109\" src=\"https:\/\/cisb.org.br\/wp-content\/uploads\/2023\/11\/Embaixada-do-Brasil-Estocolmo.png\" class=\"attachment-full size-full wp-image-19894\" alt=\"\" \/><\/a>                            <\/div>\n                        <\/div>\n                                            <div class=\"elementor-brand-item column-item\">\n                            <div class=\"elementor-brand-image\">\n                                <a href=\"https:\/\/www.swedenabroad.se\/pt\/embaixada\/brasil-bras%C3%ADlia\/\" target=\"_blank _blank _blank _blank _blank _blank _blank _blank _blank _blank\" title=\"Embassy of Sweden in Brasilia\"><img loading=\"lazy\" decoding=\"async\" width=\"2420\" height=\"585\" src=\"https:\/\/cisb.org.br\/wp-content\/uploads\/2024\/06\/Embaixada-da-Suecia-Brasilia.png\" class=\"attachment-full size-full wp-image-21274\" alt=\"\" srcset=\"https:\/\/cisb.org.br\/wp-content\/uploads\/2024\/06\/Embaixada-da-Suecia-Brasilia.png 2420w, https:\/\/cisb.org.br\/wp-content\/uploads\/2024\/06\/Embaixada-da-Suecia-Brasilia-300x73.png 300w, https:\/\/cisb.org.br\/wp-content\/uploads\/2024\/06\/Embaixada-da-Suecia-Brasilia-1024x248.png 1024w, https:\/\/cisb.org.br\/wp-content\/uploads\/2024\/06\/Embaixada-da-Suecia-Brasilia-768x186.png 768w, https:\/\/cisb.org.br\/wp-content\/uploads\/2024\/06\/Embaixada-da-Suecia-Brasilia-1536x371.png 1536w, https:\/\/cisb.org.br\/wp-content\/uploads\/2024\/06\/Embaixada-da-Suecia-Brasilia-2048x495.png 2048w, https:\/\/cisb.org.br\/wp-content\/uploads\/2024\/06\/Embaixada-da-Suecia-Brasilia-800x193.png 800w\" sizes=\"(max-width: 2420px) 100vw, 2420px\" \/><\/a>                            <\/div>\n                        <\/div>\n                                            <div class=\"elementor-brand-item column-item\">\n                            <div class=\"elementor-brand-image\">\n                                <a href=\"https:\/\/www.eb.mil.br\/\" target=\"_blank _blank _blank _blank _blank _blank _blank _blank _blank _blank _blank\" title=\"Ex\u00e9rcito Brasileiro\"><img loading=\"lazy\" decoding=\"async\" width=\"194\" height=\"109\" src=\"https:\/\/cisb.org.br\/wp-content\/uploads\/2023\/11\/Exercito-Brasileiro.png\" class=\"attachment-full size-full wp-image-19898\" alt=\"\" \/><\/a>                            <\/div>\n                        <\/div>\n                                            <div class=\"elementor-brand-item column-item\">\n                            <div class=\"elementor-brand-image\">\n                                <a href=\"https:\/\/www.portaldaindustria.com.br\/iel\/\" target=\"_blank _blank _blank _blank _blank _blank _blank _blank _blank _blank _blank _blank\" title=\"IEL - Instituto Euvaldo Lodi\"><img loading=\"lazy\" decoding=\"async\" width=\"194\" height=\"109\" src=\"https:\/\/cisb.org.br\/wp-content\/uploads\/2023\/11\/IEL.png\" class=\"attachment-full size-full wp-image-19900\" alt=\"\" \/><\/a>                            <\/div>\n                        <\/div>\n                                            <div class=\"elementor-brand-item column-item\">\n                            <div class=\"elementor-brand-image\">\n                                <a href=\"https:\/\/www.ignitesweden.org\" target=\"_blank _blank _blank _blank _blank _blank _blank _blank _blank _blank _blank _blank\" title=\"Ignite Sweden\"><img loading=\"lazy\" decoding=\"async\" width=\"177\" height=\"80\" src=\"https:\/\/cisb.org.br\/wp-content\/uploads\/2025\/06\/ignite.jpg\" class=\"attachment-full size-full wp-image-21615\" alt=\"\" \/><\/a>                            <\/div>\n                        <\/div>\n                                            <div class=\"elementor-brand-item column-item\">\n                            <div class=\"elementor-brand-image\">\n                                <a href=\"https:\/\/linkopingsciencepark.se\/indx\" target=\"_blank _blank _blank _blank _blank _blank _blank _blank _blank _blank _blank _blank\" title=\"IndX\"><img loading=\"lazy\" decoding=\"async\" width=\"300\" height=\"300\" src=\"https:\/\/cisb.org.br\/wp-content\/uploads\/2025\/04\/indx.jpg\" class=\"attachment-full size-full wp-image-21549\" alt=\"\" srcset=\"https:\/\/cisb.org.br\/wp-content\/uploads\/2025\/04\/indx.jpg 300w, https:\/\/cisb.org.br\/wp-content\/uploads\/2025\/04\/indx-150x150.jpg 150w, https:\/\/cisb.org.br\/wp-content\/uploads\/2025\/04\/indx-110x110.jpg 110w\" sizes=\"(max-width: 300px) 100vw, 300px\" \/><\/a>                            <\/div>\n                        <\/div>\n                                            <div class=\"elementor-brand-item column-item\">\n                            <div class=\"elementor-brand-image\">\n                                <a href=\"#\" target=\"_blank _blank _blank _blank _blank _blank _blank _blank _blank _blank _blank _blank\" title=\"innovair\"><img loading=\"lazy\" decoding=\"async\" width=\"194\" height=\"109\" src=\"https:\/\/cisb.org.br\/wp-content\/uploads\/2023\/11\/innovair.png\" class=\"attachment-full size-full wp-image-19902\" alt=\"\" \/><\/a>                            <\/div>\n                        <\/div>\n                                            <div class=\"elementor-brand-item column-item\">\n                            <div class=\"elementor-brand-image\">\n                                <a href=\"https:\/\/ipt.br\/\" target=\"_blank _blank _blank _blank _blank _blank _blank _blank _blank _blank _blank _blank _blank\" title=\"IPT - Instituto de Pesquisas Tecnol\u00f3gicas\"><img loading=\"lazy\" decoding=\"async\" width=\"194\" height=\"109\" src=\"https:\/\/cisb.org.br\/wp-content\/uploads\/2023\/11\/IPT.png\" class=\"attachment-full size-full wp-image-19904\" alt=\"\" \/><\/a>                            <\/div>\n                        <\/div>\n                                            <div class=\"elementor-brand-item column-item\">\n                            <div class=\"elementor-brand-image\">\n                                <a href=\"https:\/\/www.lindholmen.se\/en\" target=\"_blank _blank _blank _blank _blank _blank _blank _blank _blank _blank _blank _blank _blank _blank\" title=\"Lindholmen Science Park\"><img loading=\"lazy\" decoding=\"async\" width=\"194\" height=\"109\" src=\"https:\/\/cisb.org.br\/wp-content\/uploads\/2023\/11\/Lindholmen.png\" class=\"attachment-full size-full wp-image-19906\" alt=\"\" \/><\/a>                            <\/div>\n                        <\/div>\n                                            <div class=\"elementor-brand-item column-item\">\n                            <div class=\"elementor-brand-image\">\n                                <a href=\"https:\/\/www.mobilityxlab.com\" target=\"_blank _blank _blank _blank _blank _blank _blank _blank _blank _blank _blank _blank _blank _blank _blank\" title=\"MobilityXlab\"><img loading=\"lazy\" decoding=\"async\" width=\"300\" height=\"300\" src=\"https:\/\/cisb.org.br\/wp-content\/uploads\/2025\/04\/mobilityxlab.jpg\" class=\"attachment-full size-full wp-image-21551\" alt=\"\" srcset=\"https:\/\/cisb.org.br\/wp-content\/uploads\/2025\/04\/mobilityxlab.jpg 300w, https:\/\/cisb.org.br\/wp-content\/uploads\/2025\/04\/mobilityxlab-150x150.jpg 150w, https:\/\/cisb.org.br\/wp-content\/uploads\/2025\/04\/mobilityxlab-110x110.jpg 110w\" sizes=\"(max-width: 300px) 100vw, 300px\" \/><\/a>                            <\/div>\n                        <\/div>\n                                            <div class=\"elementor-brand-item column-item\">\n                            <div class=\"elementor-brand-image\">\n                                <a href=\"https:\/\/si.se\/en\/\" target=\"_blank _blank _blank _blank _blank _blank _blank _blank _blank _blank _blank _blank _blank _blank _blank _blank\" title=\"Swedish Institute\"><img loading=\"lazy\" decoding=\"async\" width=\"194\" height=\"109\" src=\"https:\/\/cisb.org.br\/wp-content\/uploads\/2023\/11\/Swedish-Institute.png\" class=\"attachment-full size-full wp-image-19908\" alt=\"\" \/><\/a>                            <\/div>\n                        <\/div>\n                                            <div class=\"elementor-brand-item column-item\">\n                            <div class=\"elementor-brand-image\">\n                                <a href=\"https:\/\/www.swedcham.com.br\/\" target=\"_blank _blank _blank _blank _blank _blank _blank _blank _blank _blank _blank _blank _blank _blank _blank _blank _blank\" title=\"Swedcham\"><img loading=\"lazy\" decoding=\"async\" width=\"194\" height=\"109\" src=\"https:\/\/cisb.org.br\/wp-content\/uploads\/2023\/11\/Swedcham.png\" class=\"attachment-full size-full wp-image-19910\" alt=\"\" \/><\/a>                            <\/div>\n                        <\/div>\n                                            <div class=\"elementor-brand-item column-item\">\n                            <div class=\"elementor-brand-image\">\n                                <a href=\"https:\/\/www.sisp.se\/\" target=\"_blank _blank _blank _blank _blank _blank _blank _blank _blank _blank _blank _blank _blank _blank _blank _blank _blank _blank\" title=\"Swedish Incubators &amp; Science Parks\"><img loading=\"lazy\" decoding=\"async\" width=\"194\" height=\"109\" src=\"https:\/\/cisb.org.br\/wp-content\/uploads\/2023\/11\/Swedish-Incubators.png\" class=\"attachment-full size-full wp-image-19912\" alt=\"\" \/><\/a>                            <\/div>\n                        <\/div>\n                                            <div class=\"elementor-brand-item column-item\">\n                            <div class=\"elementor-brand-image\">\n                                <a href=\"#\" target=\"_blank _blank _blank _blank _blank _blank _blank _blank _blank _blank _blank _blank _blank _blank _blank _blank _blank _blank\" title=\"Swelcome\"><img loading=\"lazy\" decoding=\"async\" width=\"194\" height=\"109\" src=\"https:\/\/cisb.org.br\/wp-content\/uploads\/2023\/11\/Swelcome.png\" class=\"attachment-full size-full wp-image-19914\" alt=\"\" \/><\/a>                            <\/div>\n                        <\/div>\n                                            <div class=\"elementor-brand-item column-item\">\n                            <div class=\"elementor-brand-image\">\n                                <a href=\"https:\/\/www.techarena.se\/\" target=\"_blank _blank _blank _blank _blank _blank _blank _blank _blank _blank _blank _blank _blank _blank _blank _blank _blank _blank _blank\" title=\"TechArena\"><img loading=\"lazy\" decoding=\"async\" width=\"180\" height=\"109\" src=\"https:\/\/cisb.org.br\/wp-content\/uploads\/2025\/08\/techarena.jpg\" class=\"attachment-full size-full wp-image-21718\" alt=\"\" \/><\/a>                            <\/div>\n                        <\/div>\n                                            <div class=\"elementor-brand-item column-item\">\n                            <div class=\"elementor-brand-image\">\n                                <a href=\"https:\/\/www.ufabc.edu.br\/\" target=\"_blank _blank _blank _blank _blank _blank _blank _blank _blank _blank _blank _blank _blank _blank _blank _blank _blank _blank _blank _blank\" title=\"UFABC - Universidade Federal do ABC\"><img loading=\"lazy\" decoding=\"async\" width=\"194\" height=\"109\" src=\"https:\/\/cisb.org.br\/wp-content\/uploads\/2023\/11\/UFABC.png\" class=\"attachment-full size-full wp-image-19918\" alt=\"\" \/><\/a>                            <\/div>\n                        <\/div>\n                                            <div class=\"elementor-brand-item column-item\">\n                            <div class=\"elementor-brand-image\">\n                                <a href=\"https:\/\/ufsc.br\/\" target=\"_blank _blank _blank _blank _blank _blank _blank _blank _blank _blank _blank _blank _blank _blank _blank _blank _blank _blank _blank _blank _blank\" title=\"UFSC - Universidade Federal de Santa Catarina\"><img loading=\"lazy\" decoding=\"async\" width=\"194\" height=\"109\" src=\"https:\/\/cisb.org.br\/wp-content\/uploads\/2023\/11\/UFSC.png\" class=\"attachment-full size-full wp-image-19920\" alt=\"\" \/><\/a>                            <\/div>\n                        <\/div>\n                                            <div class=\"elementor-brand-item column-item\">\n                            <div class=\"elementor-brand-image\">\n                                <a href=\"https:\/\/www.ufsm.br\/\" target=\"_blank _blank _blank _blank _blank _blank _blank _blank _blank _blank _blank _blank _blank _blank _blank _blank _blank _blank _blank _blank _blank _blank\" title=\" UFSM - Universidade Federal de Santa Maria\"><img loading=\"lazy\" decoding=\"async\" width=\"194\" height=\"109\" src=\"https:\/\/cisb.org.br\/wp-content\/uploads\/2023\/11\/UFSM.png\" class=\"attachment-full size-full wp-image-19922\" alt=\"\" \/><\/a>                            <\/div>\n                        <\/div>\n                                            <div class=\"elementor-brand-item column-item\">\n                            <div class=\"elementor-brand-image\">\n                                <a href=\"https:\/\/www.vinnova.se\/en\/\" target=\"_blank _blank _blank _blank _blank _blank _blank _blank _blank _blank _blank _blank _blank _blank _blank _blank _blank _blank _blank _blank _blank _blank _blank\" title=\"vinnova\"><img loading=\"lazy\" decoding=\"async\" width=\"194\" height=\"109\" src=\"https:\/\/cisb.org.br\/wp-content\/uploads\/2023\/11\/Vinnova.png\" class=\"attachment-full size-full wp-image-19924\" alt=\"\" \/><\/a>                            <\/div>\n                        <\/div>\n                                    <\/div>\n            <\/div>\n        <\/div>\n        \t\t<\/div>\n\t\t\t\t<\/div>\n\t\t\t\t\t<\/div>\n\t\t<\/div>\n\t\t\t\t\t<\/div>\n\t\t<\/section>\n\t\t\t\t<\/div>\n\t\t","protected":false},"excerpt":{"rendered":"<p>O CISB j\u00e1 conta com uma rede consolidada de parceiros que apoiam as iniciativas na Associa\u00e7\u00e3o no Brasil e na Su\u00e9cia. Desta maneira a Associa\u00e7\u00e3o tamb\u00e9m se mantem conectada com eventos, a\u00e7\u00f5es e f\u00f3runs de parceiros, que possam ser relevantes para o ecossistema Brasil-Su\u00e9cia.<\/p>\n","protected":false},"author":1,"featured_media":0,"parent":18842,"menu_order":0,"comment_status":"closed","ping_status":"closed","template":"","meta":{"inline_featured_image":false,"footnotes":""},"class_list":["post-18864","page","type-page","status-publish","hentry"],"_links":{"self":[{"href":"https:\/\/cisb.org.br\/pt-br\/wp-json\/wp\/v2\/pages\/18864","targetHints":{"allow":["GET"]}}],"collection":[{"href":"https:\/\/cisb.org.br\/pt-br\/wp-json\/wp\/v2\/pages"}],"about":[{"href":"https:\/\/cisb.org.br\/pt-br\/wp-json\/wp\/v2\/types\/page"}],"author":[{"embeddable":true,"href":"https:\/\/cisb.org.br\/pt-br\/wp-json\/wp\/v2\/users\/1"}],"replies":[{"embeddable":true,"href":"https:\/\/cisb.org.br\/pt-br\/wp-json\/wp\/v2\/comments?post=18864"}],"version-history":[{"count":12,"href":"https:\/\/cisb.org.br\/pt-br\/wp-json\/wp\/v2\/pages\/18864\/revisions"}],"predecessor-version":[{"id":21724,"href":"https:\/\/cisb.org.br\/pt-br\/wp-json\/wp\/v2\/pages\/18864\/revisions\/21724"}],"up":[{"embeddable":true,"href":"https:\/\/cisb.org.br\/pt-br\/wp-json\/wp\/v2\/pages\/18842"}],"wp:attachment":[{"href":"https:\/\/cisb.org.br\/pt-br\/wp-json\/wp\/v2\/media?parent=18864"}],"curies":[{"name":"wp","href":"https:\/\/api.w.org\/{rel}","templated":true}]}}