{"id":18889,"date":"2023-10-30T10:01:28","date_gmt":"2023-10-30T13:01:28","guid":{"rendered":"https:\/\/cisb.org.br\/?page_id=18889"},"modified":"2023-12-12T12:16:08","modified_gmt":"2023-12-12T15:16:08","slug":"membros","status":"publish","type":"page","link":"https:\/\/cisb.org.br\/pt-br\/membros\/","title":{"rendered":"Associados"},"content":{"rendered":"<p>Os associados do CISB fazem parte de uma rede exclusiva de especialistas de institui\u00e7\u00f5es focadas em inova\u00e7\u00e3o, colaborando em diversas iniciativas destinadas a promover a coopera\u00e7\u00e3o internacional, alavancar a inova\u00e7\u00e3o e seus impactos.<\/p>\n<p><a href=\"https:\/\/cisb.org.br\/pt-br\/contato\">Junte-se \u00e0 nos<\/a> e compartilhe conhecimento e experi\u00eancia com atores da Su\u00e9cia e do Brasil.\t\t<\/p>\n<style>\/*! elementor - v3.17.0 - 08-11-2023 *\/\n.elementor-heading-title{padding:0;margin:0;line-height:1}.elementor-widget-heading .elementor-heading-title[class*=elementor-size-]>a{color:inherit;font-size:inherit;line-height:inherit}.elementor-widget-heading .elementor-heading-title.elementor-size-small{font-size:15px}.elementor-widget-heading .elementor-heading-title.elementor-size-medium{font-size:19px}.elementor-widget-heading .elementor-heading-title.elementor-size-large{font-size:29px}.elementor-widget-heading .elementor-heading-title.elementor-size-xl{font-size:39px}.elementor-widget-heading .elementor-heading-title.elementor-size-xxl{font-size:59px}<\/style>\n<h3>Benef\u00edcios<\/h3>\n<link rel=\"stylesheet\" href=\"https:\/\/cisb.org.br\/wp-content\/uploads\/elementor\/css\/custom-widget-icon-box.min.css?ver=1701989918\">\n<h3>\n\t\t\t\t\t\tRede<br \/>\n\t\t\t\t<\/h3>\n<p>\n\t\t\t\t\t\tTenha acesso a uma exclusiva rede na Su\u00e9cia e no Brasil <br \/>&nbsp; <br \/>&nbsp;\t\t\t\t\t<\/p>\n<h3>\n\t\t\t\t\t\tConex\u00e3o<br \/>\n\t\t\t\t<\/h3>\n<p>\n\t\t\t\t\t\tConecte-se com os mais importantes centros de pesquisa, universidades, startups e ind\u00fastrias da Su\u00e9cia e do Brasil\t\t\t\t\t<\/p>\n<h3>\n\t\t\t\t\t\tInforma\u00e7\u00e3o<br \/>\n\t\t\t\t<\/h3>\n<p>\n\t\t\t\t\t\tReceba todas as publica\u00e7\u00f5es, boletins e convites exclusivos do CISB <br \/>&nbsp;\t\t\t\t\t<\/p>\n<h3>\n\t\t\t\t\t\tDescontos<br \/>\n\t\t\t\t<\/h3>\n<p>\n\t\t\t\t\t\tReceba descontos especiais em eventos e miss\u00f5es organizados pelo CISB\t\t\t\t\t<\/p>\n<h3>\n\t\t\t\t\t\tVisibilidade<br \/>\n\t\t\t\t<\/h3>\n<p>\n\t\t\t\t\t\tDivulgue suas iniciativas para nossa comunidade <br \/>&nbsp;\t\t\t\t\t<\/p>\n<h3>\n\t\t\t\t\t\tColabora\u00e7\u00e3o<br \/>\n\t\t\t\t<\/h3>\n<p>\n\t\t\t\t\t\tColabore com nossos associados e parceiros dos mais diversos setores\t\t\t\t\t<\/p>\n<p>Para se associar, <a href=\"https:\/\/cisb.org.br\/pt-br\/contato\/\">entre em contato<\/a> com a equipe do CISB e solicite o Formul\u00e1rio de Admiss\u00e3o.<\/p>\n<h3>Mais de Associados<\/h3>\n<link rel=\"stylesheet\" href=\"https:\/\/cisb.org.br\/wp-content\/uploads\/elementor\/css\/custom-widget-icon-list.min.css?ver=1701989918\">\n<ul>\n<li>\n\t\t\t\t\t\t\t\t\t\t\t<a href=\"https:\/\/cisb.org.br\/pt-br\/membros\/nossos-associados\/\"><br \/>\n\t\t\t\t\t\t\t\t\t\tNossos Associados<br \/>\n\t\t\t\t\t\t\t\t\t\t\t<\/a>\n\t\t\t\t\t\t\t\t\t<\/li>\n<li>\n\t\t\t\t\t\t\t\t\t\t\t<a href=\"https:\/\/cisb.org.br\/pt-br\/membros\/vagas\/\"><br \/>\n\t\t\t\t\t\t\t\t\t\tOportunidades<br \/>\n\t\t\t\t\t\t\t\t\t\t\t<\/a>\n\t\t\t\t\t\t\t\t\t<\/li>\n<li>\n\t\t\t\t\t\t\t\t\t\t\t<a href=\"https:\/\/cisb.org.br\/pt-br\/membros\/intercambio\/\"><br \/>\n\t\t\t\t\t\t\t\t\t\tInterc\u00e2mbio<br \/>\n\t\t\t\t\t\t\t\t\t\t\t<\/a>\n\t\t\t\t\t\t\t\t\t<\/li>\n<\/ul>\n","protected":false},"excerpt":{"rendered":"<p>Os associados do CISB fazem parte de uma rede exclusiva de especialistas de institui\u00e7\u00f5es focadas em inova\u00e7\u00e3o, colaborando em diversas iniciativas destinadas a promover a coopera\u00e7\u00e3o internacional, alavancar a inova\u00e7\u00e3o e seus impactos. Junte-se \u00e0 nos e compartilhe conhecimento e experi\u00eancia com atores da Su\u00e9cia e do Brasil. Benef\u00edcios Rede Tenha acesso a uma exclusiva [&hellip;]<\/p>\n","protected":false},"author":1,"featured_media":0,"parent":0,"menu_order":0,"comment_status":"closed","ping_status":"closed","template":"","meta":{"inline_featured_image":false,"footnotes":""},"class_list":["post-18889","page","type-page","status-publish","hentry"],"_links":{"self":[{"href":"https:\/\/cisb.org.br\/pt-br\/wp-json\/wp\/v2\/pages\/18889","targetHints":{"allow":["GET"]}}],"collection":[{"href":"https:\/\/cisb.org.br\/pt-br\/wp-json\/wp\/v2\/pages"}],"about":[{"href":"https:\/\/cisb.org.br\/pt-br\/wp-json\/wp\/v2\/types\/page"}],"author":[{"embeddable":true,"href":"https:\/\/cisb.org.br\/pt-br\/wp-json\/wp\/v2\/users\/1"}],"replies":[{"embeddable":true,"href":"https:\/\/cisb.org.br\/pt-br\/wp-json\/wp\/v2\/comments?post=18889"}],"version-history":[{"count":49,"href":"https:\/\/cisb.org.br\/pt-br\/wp-json\/wp\/v2\/pages\/18889\/revisions"}],"predecessor-version":[{"id":20614,"href":"https:\/\/cisb.org.br\/pt-br\/wp-json\/wp\/v2\/pages\/18889\/revisions\/20614"}],"wp:attachment":[{"href":"https:\/\/cisb.org.br\/pt-br\/wp-json\/wp\/v2\/media?parent=18889"}],"curies":[{"name":"wp","href":"https:\/\/api.w.org\/{rel}","templated":true}]}}