{"id":18891,"date":"2023-10-30T09:37:41","date_gmt":"2023-10-30T12:37:41","guid":{"rendered":"https:\/\/cisb.org.br\/?page_id=18891"},"modified":"2025-04-10T20:04:16","modified_gmt":"2025-04-10T23:04:16","slug":"nossos-associados","status":"publish","type":"page","link":"https:\/\/cisb.org.br\/pt-br\/membros\/nossos-associados\/","title":{"rendered":"Nossos Associados"},"content":{"rendered":"\t\t<div data-elementor-type=\"wp-page\" data-elementor-id=\"18891\" class=\"elementor elementor-18891 elementor-18606\">\n\t\t\t\t\t\t<section class=\"elementor-section elementor-top-section elementor-element elementor-element-3a151235 elementor-section-boxed elementor-section-height-default elementor-section-height-default\" data-id=\"3a151235\" data-element_type=\"section\">\n\t\t\t\t\t\t<div class=\"elementor-container elementor-column-gap-default\">\n\t\t\t\t\t<div class=\"elementor-column elementor-col-100 elementor-top-column elementor-element elementor-element-7995e73d\" data-id=\"7995e73d\" data-element_type=\"column\">\n\t\t\t<div class=\"elementor-widget-wrap elementor-element-populated\">\n\t\t\t\t\t\t<div class=\"elementor-element elementor-element-fed7906 elementor-widget elementor-widget-text-editor\" data-id=\"fed7906\" data-element_type=\"widget\" data-widget_type=\"text-editor.default\">\n\t\t\t\t<div class=\"elementor-widget-container\">\n\t\t\t<style>\/*! elementor - v3.19.0 - 07-02-2024 *\/\n.elementor-widget-text-editor.elementor-drop-cap-view-stacked .elementor-drop-cap{background-color:#69727d;color:#fff}.elementor-widget-text-editor.elementor-drop-cap-view-framed .elementor-drop-cap{color:#69727d;border:3px solid;background-color:transparent}.elementor-widget-text-editor:not(.elementor-drop-cap-view-default) .elementor-drop-cap{margin-top:8px}.elementor-widget-text-editor:not(.elementor-drop-cap-view-default) .elementor-drop-cap-letter{width:1em;height:1em}.elementor-widget-text-editor .elementor-drop-cap{float:left;text-align:center;line-height:1;font-size:50px}.elementor-widget-text-editor .elementor-drop-cap-letter{display:inline-block}<\/style>\t\t\t\t<p>O CISB \u00e9 a \u00fanica associa\u00e7\u00e3o que j\u00e1 conta com uma rede de associados com reputa\u00e7\u00e3o e valor reconhecidos no Brasil, na Su\u00e9cia e internacionalmente. Nossos membros usufruem de uma s\u00e9rie de benef\u00edcios. Ao se tornar um deles, voc\u00ea ter\u00e1 acesso a uma rede \u00fanica de inova\u00e7\u00e3o sueco-brasileira, participando ativamente de todas as nossas iniciativas para estimular, desenvolver e gerar a inova\u00e7\u00e3o que faz a diferen\u00e7a. <a href=\"https:\/\/cisb.org.br\/wp\/pt-br\/contato\/\">Associe-se!<\/a><\/p>\n\t\t\t\t\t\t<\/div>\n\t\t\t\t<\/div>\n\t\t\t\t<div class=\"elementor-element elementor-element-f1ab66a arrow-style-1 elementor-widget elementor-widget-kitchor-brand\" data-id=\"f1ab66a\" data-element_type=\"widget\" data-widget_type=\"kitchor-brand.default\">\n\t\t\t\t<div class=\"elementor-widget-container\">\n\t\t\t        <div class=\"elementor-brands\">\n            <div class=\"elementor-brand-wrapper\">\n\n                <div class=\"row row\" data-elementor-columns-widescreen=\"4\" data-elementor-columns=\"4\" data-elementor-columns-laptop=\"4\" data-elementor-columns-tablet-extra=\"4\" data-elementor-columns-tablet=\"2\" data-elementor-columns-mobile-extra=\"2\" data-elementor-columns-mobile=\"1\">\n                                            <div class=\"elementor-brand-item column-item\">\n                            <div class=\"elementor-brand-image\">\n                                <a href=\"https:\/\/www.saab.com\/\" target=\"_blank\" title=\"SAAB\"><img decoding=\"async\" width=\"194\" height=\"109\" src=\"https:\/\/cisb.org.br\/wp-content\/uploads\/2023\/11\/SAAB.png\" class=\"attachment-full size-full wp-image-19812\" alt=\"\" \/><\/a>                            <\/div>\n                        <\/div>\n                                            <div class=\"elementor-brand-item column-item\">\n                            <div class=\"elementor-brand-image\">\n                                <a href=\"https:\/\/www.volvocars.com\/br\/\" target=\"_blank _blank\" title=\"Volvo\"><img decoding=\"async\" width=\"194\" height=\"109\" src=\"https:\/\/cisb.org.br\/wp-content\/uploads\/2023\/11\/Volvo.png\" class=\"attachment-full size-full wp-image-19816\" alt=\"\" \/><\/a>                            <\/div>\n                        <\/div>\n                                            <div class=\"elementor-brand-item column-item\">\n                            <div class=\"elementor-brand-image\">\n                                <a href=\"https:\/\/www.ericsson.com\/en\" target=\"_blank _blank _blank\" title=\"Ericsson\"><img decoding=\"async\" width=\"194\" height=\"109\" src=\"https:\/\/cisb.org.br\/wp-content\/uploads\/2023\/11\/Ericsson.png\" class=\"attachment-full size-full wp-image-19804\" alt=\"\" \/><\/a>                            <\/div>\n                        <\/div>\n                                            <div class=\"elementor-brand-item column-item\">\n                            <div class=\"elementor-brand-image\">\n                                <a href=\"https:\/\/www.chalmers.se\/\" target=\"_blank _blank _blank _blank\" title=\"Chalmers\"><img loading=\"lazy\" decoding=\"async\" width=\"194\" height=\"109\" src=\"https:\/\/cisb.org.br\/wp-content\/uploads\/2023\/11\/Chalmers.png\" class=\"attachment-full size-full wp-image-19802\" alt=\"\" \/><\/a>                            <\/div>\n                        <\/div>\n                                            <div class=\"elementor-brand-item column-item\">\n                            <div class=\"elementor-brand-image\">\n                                <a href=\"http:\/\/www.ita.br\/\" target=\"_blank _blank _blank _blank _blank\" title=\"ITA - instituto Tecnol\u00f3gico da Aeron\u00e1utica\"><img loading=\"lazy\" decoding=\"async\" width=\"194\" height=\"109\" src=\"https:\/\/cisb.org.br\/wp-content\/uploads\/2023\/11\/Ita.png\" class=\"attachment-full size-full wp-image-19806\" alt=\"\" \/><\/a>                            <\/div>\n                        <\/div>\n                                            <div class=\"elementor-brand-item column-item\">\n                            <div class=\"elementor-brand-image\">\n                                <a href=\"https:\/\/www.kth.se\/en\" target=\"_blank _blank _blank _blank _blank _blank\" title=\" KTH Royal Institute of Technology\"><img loading=\"lazy\" decoding=\"async\" width=\"194\" height=\"109\" src=\"https:\/\/cisb.org.br\/wp-content\/uploads\/2023\/11\/KTH.png\" class=\"attachment-full size-full wp-image-19808\" alt=\"\" \/><\/a>                            <\/div>\n                        <\/div>\n                                            <div class=\"elementor-brand-item column-item\">\n                            <div class=\"elementor-brand-image\">\n                                <a href=\"https:\/\/liu.se\/\" target=\"_blank _blank _blank _blank _blank _blank _blank\" title=\"Link\u00f6pings Universitet\"><img loading=\"lazy\" decoding=\"async\" width=\"194\" height=\"109\" src=\"https:\/\/cisb.org.br\/wp-content\/uploads\/2023\/11\/linkoping.png\" class=\"attachment-full size-full wp-image-19810\" alt=\"\" \/><\/a>                            <\/div>\n                        <\/div>\n                                            <div class=\"elementor-brand-item column-item\">\n                            <div class=\"elementor-brand-image\">\n                                <a href=\"https:\/\/www.ltu.se\/\" target=\"_blank _blank _blank _blank _blank _blank _blank _blank\" title=\"Lule\u00e5 Tekniska Universitet\"><img loading=\"lazy\" decoding=\"async\" width=\"194\" height=\"109\" src=\"https:\/\/cisb.org.br\/wp-content\/uploads\/2023\/11\/Lulea.png\" class=\"attachment-full size-full wp-image-19886\" alt=\"\" \/><\/a>                            <\/div>\n                        <\/div>\n                                            <div class=\"elementor-brand-item column-item\">\n                            <div class=\"elementor-brand-image\">\n                                <a href=\"https:\/\/www.lunduniversity.lu.se\/\" target=\"_blank _blank _blank _blank _blank _blank _blank _blank _blank\" title=\"Lund University\"><img loading=\"lazy\" decoding=\"async\" width=\"194\" height=\"109\" src=\"https:\/\/cisb.org.br\/wp-content\/uploads\/2023\/11\/Lund.png\" class=\"attachment-full size-full wp-image-19884\" alt=\"\" \/><\/a>                            <\/div>\n                        <\/div>\n                                            <div class=\"elementor-brand-item column-item\">\n                            <div class=\"elementor-brand-image\">\n                                <a href=\"https:\/\/www.bth.se\/eng\/\" target=\"_blank _blank _blank _blank _blank _blank _blank _blank _blank _blank\" title=\"Blekinge Institute of Technology\"><img loading=\"lazy\" decoding=\"async\" width=\"194\" height=\"109\" src=\"https:\/\/cisb.org.br\/wp-content\/uploads\/2023\/11\/BTH.png\" class=\"attachment-full size-full wp-image-19882\" alt=\"\" \/><\/a>                            <\/div>\n                        <\/div>\n                                            <div class=\"elementor-brand-item column-item\">\n                            <div class=\"elementor-brand-image\">\n                                <a href=\"https:\/\/ki.se\/en\" target=\"_blank _blank _blank _blank _blank _blank _blank _blank _blank _blank _blank\" title=\"Karolinska Institutet\"><img loading=\"lazy\" decoding=\"async\" width=\"194\" height=\"109\" src=\"https:\/\/cisb.org.br\/wp-content\/uploads\/2023\/11\/Karolinska-Institutet.png\" class=\"attachment-full size-full wp-image-19878\" alt=\"\" \/><\/a>                            <\/div>\n                        <\/div>\n                                            <div class=\"elementor-brand-item column-item\">\n                            <div class=\"elementor-brand-image\">\n                                <a href=\"https:\/\/www.vale.com\/\" target=\"_blank _blank _blank _blank _blank _blank _blank _blank _blank _blank _blank _blank\" title=\"Vale\"><img loading=\"lazy\" decoding=\"async\" width=\"194\" height=\"109\" src=\"https:\/\/cisb.org.br\/wp-content\/uploads\/2023\/11\/Vale.png\" class=\"attachment-full size-full wp-image-19876\" alt=\"\" \/><\/a>                            <\/div>\n                        <\/div>\n                                    <\/div>\n            <\/div>\n        <\/div>\n        \t\t<\/div>\n\t\t\t\t<\/div>\n\t\t\t\t\t<\/div>\n\t\t<\/div>\n\t\t\t\t\t<\/div>\n\t\t<\/section>\n\t\t\t\t<\/div>\n\t\t","protected":false},"excerpt":{"rendered":"<p>O CISB \u00e9 a \u00fanica associa\u00e7\u00e3o que j\u00e1 conta com uma rede de associados com reputa\u00e7\u00e3o e valor reconhecidos no Brasil, na Su\u00e9cia e internacionalmente. Nossos membros usufruem de uma s\u00e9rie de benef\u00edcios. Ao se tornar um deles, voc\u00ea ter\u00e1 acesso a uma rede \u00fanica de inova\u00e7\u00e3o sueco-brasileira, participando ativamente de todas as nossas iniciativas [&hellip;]<\/p>\n","protected":false},"author":1,"featured_media":0,"parent":18889,"menu_order":0,"comment_status":"closed","ping_status":"closed","template":"","meta":{"inline_featured_image":false,"footnotes":""},"class_list":["post-18891","page","type-page","status-publish","hentry"],"_links":{"self":[{"href":"https:\/\/cisb.org.br\/pt-br\/wp-json\/wp\/v2\/pages\/18891","targetHints":{"allow":["GET"]}}],"collection":[{"href":"https:\/\/cisb.org.br\/pt-br\/wp-json\/wp\/v2\/pages"}],"about":[{"href":"https:\/\/cisb.org.br\/pt-br\/wp-json\/wp\/v2\/types\/page"}],"author":[{"embeddable":true,"href":"https:\/\/cisb.org.br\/pt-br\/wp-json\/wp\/v2\/users\/1"}],"replies":[{"embeddable":true,"href":"https:\/\/cisb.org.br\/pt-br\/wp-json\/wp\/v2\/comments?post=18891"}],"version-history":[{"count":13,"href":"https:\/\/cisb.org.br\/pt-br\/wp-json\/wp\/v2\/pages\/18891\/revisions"}],"predecessor-version":[{"id":21566,"href":"https:\/\/cisb.org.br\/pt-br\/wp-json\/wp\/v2\/pages\/18891\/revisions\/21566"}],"up":[{"embeddable":true,"href":"https:\/\/cisb.org.br\/pt-br\/wp-json\/wp\/v2\/pages\/18889"}],"wp:attachment":[{"href":"https:\/\/cisb.org.br\/pt-br\/wp-json\/wp\/v2\/media?parent=18891"}],"curies":[{"name":"wp","href":"https:\/\/api.w.org\/{rel}","templated":true}]}}