{"id":20491,"date":"2023-12-10T22:56:23","date_gmt":"2023-12-11T01:56:23","guid":{"rendered":"https:\/\/cisb.org.br\/quem-somos\/governance\/"},"modified":"2023-12-11T22:27:10","modified_gmt":"2023-12-12T01:27:10","slug":"governanca","status":"publish","type":"page","link":"https:\/\/cisb.org.br\/pt-br\/quem-somos\/governanca\/","title":{"rendered":"Governan\u00e7a"},"content":{"rendered":"\t\t<div data-elementor-type=\"wp-page\" data-elementor-id=\"20491\" class=\"elementor elementor-20491 elementor-20486\">\n\t\t\t\t\t\t<section class=\"elementor-section elementor-top-section elementor-element elementor-element-70dc9dc elementor-section-boxed elementor-section-height-default elementor-section-height-default\" data-id=\"70dc9dc\" data-element_type=\"section\">\n\t\t\t\t\t\t<div class=\"elementor-container elementor-column-gap-default\">\n\t\t\t\t\t<div class=\"elementor-column elementor-col-100 elementor-top-column elementor-element elementor-element-f1a49c9\" data-id=\"f1a49c9\" data-element_type=\"column\">\n\t\t\t<div class=\"elementor-widget-wrap elementor-element-populated\">\n\t\t\t\t\t\t<div class=\"elementor-element elementor-element-def0bc9 elementor-widget elementor-widget-heading\" data-id=\"def0bc9\" data-element_type=\"widget\" data-widget_type=\"heading.default\">\n\t\t\t\t<div class=\"elementor-widget-container\">\n\t\t\t<style>\/*! elementor - v3.19.0 - 07-02-2024 *\/\n.elementor-heading-title{padding:0;margin:0;line-height:1}.elementor-widget-heading .elementor-heading-title[class*=elementor-size-]>a{color:inherit;font-size:inherit;line-height:inherit}.elementor-widget-heading .elementor-heading-title.elementor-size-small{font-size:15px}.elementor-widget-heading .elementor-heading-title.elementor-size-medium{font-size:19px}.elementor-widget-heading .elementor-heading-title.elementor-size-large{font-size:29px}.elementor-widget-heading .elementor-heading-title.elementor-size-xl{font-size:39px}.elementor-widget-heading .elementor-heading-title.elementor-size-xxl{font-size:59px}<\/style><h2 class=\"elementor-heading-title elementor-size-default\">Administra\u00e7\u00e3o da Associa\u00e7\u00e3o<\/h2>\t\t<\/div>\n\t\t\t\t<\/div>\n\t\t\t\t<div class=\"elementor-element elementor-element-23bc7cf elementor-widget elementor-widget-text-editor\" data-id=\"23bc7cf\" data-element_type=\"widget\" data-widget_type=\"text-editor.default\">\n\t\t\t\t<div class=\"elementor-widget-container\">\n\t\t\t<style>\/*! elementor - v3.19.0 - 07-02-2024 *\/\n.elementor-widget-text-editor.elementor-drop-cap-view-stacked .elementor-drop-cap{background-color:#69727d;color:#fff}.elementor-widget-text-editor.elementor-drop-cap-view-framed .elementor-drop-cap{color:#69727d;border:3px solid;background-color:transparent}.elementor-widget-text-editor:not(.elementor-drop-cap-view-default) .elementor-drop-cap{margin-top:8px}.elementor-widget-text-editor:not(.elementor-drop-cap-view-default) .elementor-drop-cap-letter{width:1em;height:1em}.elementor-widget-text-editor .elementor-drop-cap{float:left;text-align:center;line-height:1;font-size:50px}.elementor-widget-text-editor .elementor-drop-cap-letter{display:inline-block}<\/style>\t\t\t\t<p>A Associa\u00e7\u00e3o compor-se-\u00e1 dos seguintes organismos, cada qual atuando de acordo com sua respectiva compet\u00eancia e respectivos deveres, conforme estabelece o Estatuto Social:<\/p>\t\t\t\t\t\t<\/div>\n\t\t\t\t<\/div>\n\t\t\t\t<div class=\"elementor-element elementor-element-88a4802 elementor-icon-list--layout-traditional elementor-list-item-link-full_width elementor-widget elementor-widget-icon-list\" data-id=\"88a4802\" data-element_type=\"widget\" data-widget_type=\"icon-list.default\">\n\t\t\t\t<div class=\"elementor-widget-container\">\n\t\t\t<link rel=\"stylesheet\" href=\"https:\/\/cisb.org.br\/wp-content\/uploads\/elementor\/css\/custom-widget-icon-list.min.css?ver=1707497961\">\t\t<ul class=\"elementor-icon-list-items\">\n\t\t\t\t\t\t\t<li class=\"elementor-icon-list-item\">\n\t\t\t\t\t\t\t\t\t\t\t<span class=\"elementor-icon-list-icon\">\n\t\t\t\t\t\t\t<i aria-hidden=\"true\" class=\"far fa-check-circle\"><\/i>\t\t\t\t\t\t<\/span>\n\t\t\t\t\t\t\t\t\t\t<span class=\"elementor-icon-list-text\">Assembleia Geral de Associados;<\/span>\n\t\t\t\t\t\t\t\t\t<\/li>\n\t\t\t\t\t\t\t\t<li class=\"elementor-icon-list-item\">\n\t\t\t\t\t\t\t\t\t\t\t<span class=\"elementor-icon-list-icon\">\n\t\t\t\t\t\t\t<i aria-hidden=\"true\" class=\"far fa-check-circle\"><\/i>\t\t\t\t\t\t<\/span>\n\t\t\t\t\t\t\t\t\t\t<span class=\"elementor-icon-list-text\">Conselho Deliberativo;<\/span>\n\t\t\t\t\t\t\t\t\t<\/li>\n\t\t\t\t\t\t\t\t<li class=\"elementor-icon-list-item\">\n\t\t\t\t\t\t\t\t\t\t\t<span class=\"elementor-icon-list-icon\">\n\t\t\t\t\t\t\t<i aria-hidden=\"true\" class=\"far fa-check-circle\"><\/i>\t\t\t\t\t\t<\/span>\n\t\t\t\t\t\t\t\t\t\t<span class=\"elementor-icon-list-text\">Diretoria; e<\/span>\n\t\t\t\t\t\t\t\t\t<\/li>\n\t\t\t\t\t\t\t\t<li class=\"elementor-icon-list-item\">\n\t\t\t\t\t\t\t\t\t\t\t<span class=\"elementor-icon-list-icon\">\n\t\t\t\t\t\t\t<i aria-hidden=\"true\" class=\"far fa-check-circle\"><\/i>\t\t\t\t\t\t<\/span>\n\t\t\t\t\t\t\t\t\t\t<span class=\"elementor-icon-list-text\">Conselho Fiscal.<\/span>\n\t\t\t\t\t\t\t\t\t<\/li>\n\t\t\t\t\t\t<\/ul>\n\t\t\t\t<\/div>\n\t\t\t\t<\/div>\n\t\t\t\t\t<\/div>\n\t\t<\/div>\n\t\t\t\t\t<\/div>\n\t\t<\/section>\n\t\t\t\t<\/div>\n\t\t","protected":false},"excerpt":{"rendered":"<p>Administra\u00e7\u00e3o da Associa\u00e7\u00e3o A Associa\u00e7\u00e3o compor-se-\u00e1 dos seguintes organismos, cada qual atuando de acordo com sua respectiva compet\u00eancia e respectivos deveres, conforme estabelece o Estatuto Social: Assembleia Geral de Associados; Conselho Deliberativo; Diretoria; e Conselho Fiscal.<\/p>\n","protected":false},"author":1,"featured_media":0,"parent":18319,"menu_order":0,"comment_status":"closed","ping_status":"closed","template":"","meta":{"inline_featured_image":false,"footnotes":""},"class_list":["post-20491","page","type-page","status-publish","hentry"],"_links":{"self":[{"href":"https:\/\/cisb.org.br\/pt-br\/wp-json\/wp\/v2\/pages\/20491","targetHints":{"allow":["GET"]}}],"collection":[{"href":"https:\/\/cisb.org.br\/pt-br\/wp-json\/wp\/v2\/pages"}],"about":[{"href":"https:\/\/cisb.org.br\/pt-br\/wp-json\/wp\/v2\/types\/page"}],"author":[{"embeddable":true,"href":"https:\/\/cisb.org.br\/pt-br\/wp-json\/wp\/v2\/users\/1"}],"replies":[{"embeddable":true,"href":"https:\/\/cisb.org.br\/pt-br\/wp-json\/wp\/v2\/comments?post=20491"}],"version-history":[{"count":6,"href":"https:\/\/cisb.org.br\/pt-br\/wp-json\/wp\/v2\/pages\/20491\/revisions"}],"predecessor-version":[{"id":20570,"href":"https:\/\/cisb.org.br\/pt-br\/wp-json\/wp\/v2\/pages\/20491\/revisions\/20570"}],"up":[{"embeddable":true,"href":"https:\/\/cisb.org.br\/pt-br\/wp-json\/wp\/v2\/pages\/18319"}],"wp:attachment":[{"href":"https:\/\/cisb.org.br\/pt-br\/wp-json\/wp\/v2\/media?parent=20491"}],"curies":[{"name":"wp","href":"https:\/\/api.w.org\/{rel}","templated":true}]}}